{"id":457,"date":"2022-08-08T17:10:27","date_gmt":"2022-08-08T15:10:27","guid":{"rendered":"http:\/\/rene-b.fr\/?page_id=457"},"modified":"2022-08-28T15:55:38","modified_gmt":"2022-08-28T13:55:38","slug":"accueil-2","status":"publish","type":"page","link":"https:\/\/rene-b.fr\/","title":{"rendered":"Accueil"},"content":{"rendered":"\n<style type=\"text\/css\" data-created_by=\"avia_inline_auto\" id=\"style-css-av-8ktmx-3aef00d11e19d0e6da439a3f0321afa6\">\n.flex_column.av-8ktmx-3aef00d11e19d0e6da439a3f0321afa6{\nbox-shadow:0 0 15px 0 rgba(0,0,0,0.75);\n-webkit-box-shadow:0 0 15px 0 rgba(0,0,0,0.75);\n-moz-box-shadow:0 0 15px 0 rgba(0,0,0,0.75);\nbackground-color:rgba(10,10,10,0.35);\n}\n<\/style>\n<div class='flex_column av-8ktmx-3aef00d11e19d0e6da439a3f0321afa6 av_one_full  avia-builder-el-0  el_before_av_one_full  avia-builder-el-first  first flex_column_div '   ><p>\n<style type=\"text\/css\" data-created_by=\"avia_inline_auto\" id=\"style-css-av-l6kwjdj0-c0df0895982171e0863b05a8fe2572e5\">\n.avia-image-container.av-l6kwjdj0-c0df0895982171e0863b05a8fe2572e5 .av-image-caption-overlay-center{\ncolor:#ffffff;\n}\n<\/style>\n<div  class='avia-image-container av-l6kwjdj0-c0df0895982171e0863b05a8fe2572e5 av-styling- av-hover-grow avia-align-center  avia-builder-el-1  el_before_av_button  avia-builder-el-first '  itemprop=\"image\" itemscope=\"itemscope\" itemtype=\"https:\/\/schema.org\/ImageObject\" ><div class=\"avia-image-container-inner\"><div class=\"avia-image-overlay-wrap\"><img decoding=\"async\" class='wp-image-339 avia-img-lazy-loading-not-339 avia_image' src=\"https:\/\/rene-b.fr\/wp-content\/uploads\/2022\/03\/GGM_CHRONIQUE1.gif\" alt='Chronique d&#039;une mort annoc\u00e9e' title='Chronique d\u2019une mort annonc\u00e9e'  height=\"741\" width=\"1030\"  itemprop=\"thumbnailUrl\"  \/><\/div><\/div><\/div><br \/>\n<div  class='avia-button-wrap avia-button-center  avia-builder-el-2  el_after_av_image  avia-builder-el-last ' >\n<style type=\"text\/css\" data-created_by=\"avia_inline_auto\" id=\"style-css-av-l794d6cw-1825bdaf449d69a76229ce5cdf5fef73\">\n#top #wrap_all .avia-button.av-l794d6cw-1825bdaf449d69a76229ce5cdf5fef73{\nbackground-color:#378589;\nborder-color:#378589;\ncolor:#ffffff;\nbox-shadow: 2px 2px 0px 0px #bdddef;\n-webkit-box-shadow: 2px 2px 0px 0px #bdddef;\n-moz-box-shadow: 2px 2px 0px 0px #bdddef;\ntransition:all 0.4s ease-in-out;\n-webkit-transition:all 0.4s ease-in-out;\n-moz-transition:all 0.4s ease-in-out;\n-ms-transition:all 0.4s ease-in-out;\n-o-transition:all 0.4s ease-in-out;\n}\n<\/style>\n<a href='https:\/\/rene-b.fr\/?page_id=333'  class='avia-button av-l794d6cw-1825bdaf449d69a76229ce5cdf5fef73 avia-icon_select-no avia-size-small avia-position-center' ><span class='avia_iconbox_title' >Actualit\u00e9s<\/span><\/a><\/div><\/p><\/div>\n<style type=\"text\/css\" data-created_by=\"avia_inline_auto\" id=\"style-css-av-l6kywp5k-dc6389c21cfbfe229982e4a6256f405c\">\n#top .flex_column.av-l6kywp5k-dc6389c21cfbfe229982e4a6256f405c{\nmargin-top:30px;\nmargin-bottom:30px;\n}\n.flex_column.av-l6kywp5k-dc6389c21cfbfe229982e4a6256f405c{\nbackground-color:#808080;\nbackground:radial-gradient( rgba(128,128,128,0.5), rgba(128,128,128,0.8), #808080 );\n}\n.responsive #top #wrap_all .flex_column.av-l6kywp5k-dc6389c21cfbfe229982e4a6256f405c{\nmargin-top:30px;\nmargin-bottom:30px;\n}\n<\/style>\n<div class='flex_column av-l6kywp5k-dc6389c21cfbfe229982e4a6256f405c av_one_full  avia-builder-el-3  el_after_av_one_full  avia-builder-el-last  first no_margin flex_column_div column-top-margin'   ><style type=\"text\/css\" data-created_by=\"avia_inline_auto\" id=\"style-css-av-l6kwreii-49f0b8d05d64bdda4ca400096116ae83\">\n#top .av_textblock_section.av-l6kwreii-49f0b8d05d64bdda4ca400096116ae83 .avia_textblock{\nfont-size:22px;\n}\n<\/style>\n<section  class='av_textblock_section av-l6kwreii-49f0b8d05d64bdda4ca400096116ae83'  itemscope=\"itemscope\" itemtype=\"https:\/\/schema.org\/CreativeWork\" ><div class='avia_textblock'  itemprop=\"text\" ><p><img loading=\"lazy\" decoding=\"async\" class=\"size-full wp-image-462 alignleft\" src=\"https:\/\/rene-b.fr\/wp-content\/uploads\/2022\/08\/rb-3-285x300-1.png\" alt=\"\" width=\"285\" height=\"300\" \/> <br class=\"avia-permanent-lb\" \/>N\u00e9 en 1948, j\u2019ai pass\u00e9 ma jeunesse en Afrique du Nord et de l\u2019Ouest. <br class=\"avia-permanent-lb\" \/>Mon m\u00e9tier de g\u00e9ologue m\u2019a permis de parcourir le monde, me donnant ainsi le go\u00fbt de l\u2019espace, de la lumi\u00e8re, de l\u2019insolite\u2026<\/p>\n<p>Depuis toujours, j\u2019ai naturellement tenu le crayon, par d\u00e9sir de fixer des instants d\u2019ailleurs, pour l\u2019\u00e9changer contre un pinceau quand j\u2019ai abandonn\u00e9 mon m\u00e9tier il y a pr\u00e8s de vingt ans.<\/p>\n<p>Apr\u00e8s avoir int\u00e9gr\u00e9 un atelier de la r\u00e9gion parisienne, j\u2019ai pu m\u2019exercer \u00e0 diff\u00e9rentes techniques : crayon, pastel, acrylique ou huile, trait\u00e9s s\u00e9par\u00e9ment ou combin\u00e9s sur une m\u00eame toile. <br class=\"avia-permanent-lb\" \/>J\u2019ai alors rapidement ressenti une pr\u00e9f\u00e9rence pour l\u2019huile, sur des toiles pr\u00e9par\u00e9es par un transfert de monotypes. <br class=\"avia-permanent-lb\" \/>Inspir\u00e9 par ces monotypes, j\u2019ai peint des s\u00e9ries de tableaux sur un m\u00eame th\u00e8me : des chansons (Cabrel), des livres (Gabriel Garcia Marquez), des sites (Venise, Las Pozas) \u2026<\/p>\n<p>Lorsque j\u2019ai pos\u00e9 mes valises aux Vans, en Ard\u00e8che, j\u2019ai ressenti \u00e0 nouveau l\u2019appel des pinceaux et am\u00e9nag\u00e9 ma caravane de peintre au fond du jardin (encore Cabrel !).<br \/>\nAujourd\u2019hui, je peins sans monotype et souvent sur des supports papier.<\/p>\n<p><em style=\"font-weight: inherit;\">Ma peinture est tr\u00e8s \u00e9clectique sans aucun doute, dans ses inspirations et ses repr\u00e9sentations \u2026<\/em><\/p>\n<\/div><\/section><\/div><\/p>\n","protected":false},"excerpt":{"rendered":"","protected":false},"author":1,"featured_media":0,"parent":0,"menu_order":0,"comment_status":"closed","ping_status":"closed","template":"","meta":{"footnotes":""},"class_list":["post-457","page","type-page","status-publish","hentry"],"_links":{"self":[{"href":"https:\/\/rene-b.fr\/index.php?rest_route=\/wp\/v2\/pages\/457","targetHints":{"allow":["GET"]}}],"collection":[{"href":"https:\/\/rene-b.fr\/index.php?rest_route=\/wp\/v2\/pages"}],"about":[{"href":"https:\/\/rene-b.fr\/index.php?rest_route=\/wp\/v2\/types\/page"}],"author":[{"embeddable":true,"href":"https:\/\/rene-b.fr\/index.php?rest_route=\/wp\/v2\/users\/1"}],"replies":[{"embeddable":true,"href":"https:\/\/rene-b.fr\/index.php?rest_route=%2Fwp%2Fv2%2Fcomments&post=457"}],"version-history":[{"count":35,"href":"https:\/\/rene-b.fr\/index.php?rest_route=\/wp\/v2\/pages\/457\/revisions"}],"predecessor-version":[{"id":792,"href":"https:\/\/rene-b.fr\/index.php?rest_route=\/wp\/v2\/pages\/457\/revisions\/792"}],"wp:attachment":[{"href":"https:\/\/rene-b.fr\/index.php?rest_route=%2Fwp%2Fv2%2Fmedia&parent=457"}],"curies":[{"name":"wp","href":"https:\/\/api.w.org\/{rel}","templated":true}]}}