{"id":262,"date":"2022-03-04T18:23:16","date_gmt":"2022-03-04T17:23:16","guid":{"rendered":"https:\/\/rene-b.fr\/?page_id=262"},"modified":"2022-08-14T18:05:48","modified_gmt":"2022-08-14T16:05:48","slug":"a-propos","status":"publish","type":"page","link":"https:\/\/rene-b.fr\/?page_id=262","title":{"rendered":"A propos"},"content":{"rendered":"<div class='flex_column av-yl6la-98390ba6029540deb0fdbfe2d931fa12 av_one_third  avia-builder-el-0  el_before_av_one_third  avia-builder-el-first  first flex_column_div '   ><\/div>\n\n<style type=\"text\/css\" data-created_by=\"avia_inline_auto\" id=\"style-css-av-l0cnafbc-999e3e99dea3ba67fe267a7a786721cc\">\n.flex_column.av-l0cnafbc-999e3e99dea3ba67fe267a7a786721cc{\nborder-width:2px;\nborder-color:#af4949;\nborder-style:solid;\n}\n<\/style>\n<div class='flex_column av-l0cnafbc-999e3e99dea3ba67fe267a7a786721cc av_one_third  avia-builder-el-1  el_after_av_one_third  el_before_av_textblock  flex_column_div '   ><p>\n<style type=\"text\/css\" data-created_by=\"avia_inline_auto\" id=\"style-css-av-l0cqdfm1-62c6f92a05c9717d0ad036057ad54d51\">\n.avia-image-container.av-l0cqdfm1-62c6f92a05c9717d0ad036057ad54d51 .av-image-caption-overlay-center{\ncolor:#ffffff;\n}\n<\/style>\n<div  class='avia-image-container av-l0cqdfm1-62c6f92a05c9717d0ad036057ad54d51 av-styling- avia-align-center  avia-builder-el-2  el_before_av_image  avia-builder-el-first '  itemprop=\"image\" itemscope=\"itemscope\" itemtype=\"https:\/\/schema.org\/ImageObject\" ><div class=\"avia-image-container-inner\"><div class=\"avia-image-overlay-wrap\"><img decoding=\"async\" class='wp-image-266 avia-img-lazy-loading-not-266 avia_image' src=\"https:\/\/rene-b.fr\/wp-content\/uploads\/2022\/03\/rb-3-285x300.png\" alt='' title='rb'  height=\"300\" width=\"285\"  itemprop=\"thumbnailUrl\" srcset=\"https:\/\/rene-b.fr\/wp-content\/uploads\/2022\/03\/rb-3-285x300.png 285w, https:\/\/rene-b.fr\/wp-content\/uploads\/2022\/03\/rb-3.png 463w\" sizes=\"(max-width: 285px) 100vw, 285px\" \/><\/div><\/div><\/div><br \/>\n\n<style type=\"text\/css\" data-created_by=\"avia_inline_auto\" id=\"style-css-av-l0cndsgj-24094cb912adc1ab5eb9c11c9fb766a9\">\n.avia-image-container.av-l0cndsgj-24094cb912adc1ab5eb9c11c9fb766a9 .av-image-caption-overlay-center{\ncolor:#ffffff;\n}\n<\/style>\n<div  class='avia-image-container av-l0cndsgj-24094cb912adc1ab5eb9c11c9fb766a9 av-styling- avia-align-center  avia-builder-el-3  el_after_av_image  avia-builder-el-last '  itemprop=\"image\" itemscope=\"itemscope\" itemtype=\"https:\/\/schema.org\/ImageObject\" ><div class=\"avia-image-container-inner\"><div class=\"avia-image-overlay-wrap\"><img decoding=\"async\" class='avia-img-lazy-loading-not- avia_image' src=\"https:\/\/rene-b.fr\/wp-content\/uploads\/2022\/03\/rb-1-285x300.png\" alt='' title=''   itemprop=\"thumbnailUrl\"  \/><\/div><\/div><\/div><\/p><\/div>\n\n<style type=\"text\/css\" data-created_by=\"avia_inline_auto\" id=\"style-css-av-l0co5gw5-72e4fd06845b05918b28a7c51583ef03\">\n#top .av_textblock_section.av-l0co5gw5-72e4fd06845b05918b28a7c51583ef03 .avia_textblock{\nfont-size:25px;\n}\n<\/style>\n<section  class='av_textblock_section av-l0co5gw5-72e4fd06845b05918b28a7c51583ef03'  itemscope=\"itemscope\" itemtype=\"https:\/\/schema.org\/CreativeWork\" ><div class='avia_textblock'  itemprop=\"text\" ><p style=\"text-align: center;\"><em>Ma peinture est tr\u00e8s \u00e9clectique sans aucun doute, <br class=\"avia-permanent-lb\" \/>dans ses inspirations et ses repr\u00e9sentations \u2026<\/em><\/p>\n<\/div><\/section>\n<\/div><\/div><\/div><!-- close content main div --><\/div><\/div><div id='av-layout-grid-1'  class='av-layout-grid-container av-qg1cm-266eafadfa63b5f1702b30bb9246717d entry-content-wrapper main_color av-flex-cells  avia-builder-el-5  el_after_av_textblock  avia-builder-el-last  grid-row-not-first  container_wrap fullsize'  >\n<div class='flex_cell av_one_fourth av-naui6-48a58e468f7c812edec2b579e6658352 no_margin  avia-builder-el-6  el_before_av_cell_one_half  avia-builder-el-first ' ><div class='flex_cell_inner'><p>\n<style type=\"text\/css\" data-created_by=\"avia_inline_auto\" id=\"style-css-av-l6p59rqa-a499fedf474a1245f0ba92795ce5942e\">\n#top .av-special-heading.av-l6p59rqa-a499fedf474a1245f0ba92795ce5942e{\npadding-bottom:10px;\n}\nbody .av-special-heading.av-l6p59rqa-a499fedf474a1245f0ba92795ce5942e .av-special-heading-tag .heading-char{\nfont-size:25px;\n}\n.av-special-heading.av-l6p59rqa-a499fedf474a1245f0ba92795ce5942e .av-subheading{\nfont-size:15px;\n}\n<\/style>\n<div  class='av-special-heading av-l6p59rqa-a499fedf474a1245f0ba92795ce5942e av-special-heading-h3 blockquote elegant-quote elegant-centered  avia-builder-el-7  el_before_av_textblock  avia-builder-el-first '><h3 class='av-special-heading-tag'  itemprop=\"headline\"  ><span class=\"heading-wrap\">Las Pozas<\/span><\/h3><div class='av-subheading av-subheading_below'><p>Un Jardin Surr\u00e9aliste perdu dans la jungle mexicaine<\/p>\n<\/div><div class=\"special-heading-border\"><div class=\"special-heading-inner-border\"><\/div><\/div><\/div><br \/>\n<section  class='av_textblock_section av-l6p5c2xi-0c34362acd96447d4e88ea4b021e92dd'  itemscope=\"itemscope\" itemtype=\"https:\/\/schema.org\/CreativeWork\" ><div class='avia_textblock'  itemprop=\"text\" ><p>Las Pozas est un jardin tropical de sculptures surr\u00e9alistes de 32 hectares, situ\u00e9 pr\u00e8s de la municipalit\u00e9 de Xilitla, dans la Sierra Madre occidentale, au Mexique;<\/p>\n<p>Il a \u00e9t\u00e9, cr\u00e9\u00e9 entre 1962 et 1984 par le m\u00e9c\u00e8ne surr\u00e9aliste britannique Edward James.<\/p>\n<p>Dali, Gaudi, Magritte ont inspir\u00e9 sa construction.<\/p>\n<p><strong>Las Pozas est \u00e0 tout jamais un temple de <\/strong><strong>l&#8217;<\/strong><strong>art surr\u00e9aliste, une \u0153uvre titanesque inachev\u00e9e, un jardin-mus\u00e9e envahi par la jungle, peupl<\/strong><strong>\u00e9 <\/strong><strong>d\u2019animaux et de plantes fantastiques.<\/strong><\/p>\n<p>Cela lui conf\u00e8re une atmosph\u00e8re magique de ruines qu&#8217;une civilisation pass\u00e9e aurait laiss\u00e9es l\u00e0&#8230;<\/p>\n<p>Un paradis perdu et pr\u00e9serv\u00e9 du tourisme.<\/p>\n<p>Diff\u00e9rents th\u00e8mes de Las Pozas m&#8217;ont inspir\u00e9, en particulier les sculptures habit\u00e9es de personnages eux aussi fantastiques comme le faune et les muses ou les clowns.<\/p>\n<\/div><\/section><\/p>\n<\/div><\/div><div class='flex_cell av_one_half av-czqxq-d4ea30eba9a92f9118c246c1070a3eda no_margin  avia-builder-el-9  el_after_av_cell_one_fourth  el_before_av_cell_one_fourth ' ><div class='flex_cell_inner'><p>\n<style type=\"text\/css\" data-created_by=\"avia_inline_auto\" id=\"style-css-av-l6p5erct-2c48a88baae6b9a34d111640a19a37c5\">\n#top .av-special-heading.av-l6p5erct-2c48a88baae6b9a34d111640a19a37c5{\npadding-bottom:10px;\n}\nbody .av-special-heading.av-l6p5erct-2c48a88baae6b9a34d111640a19a37c5 .av-special-heading-tag .heading-char{\nfont-size:25px;\n}\n.av-special-heading.av-l6p5erct-2c48a88baae6b9a34d111640a19a37c5 .av-subheading{\nfont-size:15px;\n}\n<\/style>\n<div  class='av-special-heading av-l6p5erct-2c48a88baae6b9a34d111640a19a37c5 av-special-heading-h3 blockquote elegant-quote elegant-centered  avia-builder-el-10  el_before_av_textblock  avia-builder-el-first '><h3 class='av-special-heading-tag'  itemprop=\"headline\"  ><span class=\"heading-wrap\"> Une courte histoire peinte et chant\u00e9e<\/span><\/h3><div class='av-subheading av-subheading_below'><p>Celle de l\u2019humain entre Chauvet et Demain<\/p>\n<\/div><div class=\"special-heading-border\"><div class=\"special-heading-inner-border\"><\/div><\/div><\/div><br \/>\n<section  class='av_textblock_section av-l6p5ly7j-a10d8fc2aeac74640ecbf97b51922952'  itemscope=\"itemscope\" itemtype=\"https:\/\/schema.org\/CreativeWork\" ><div class='avia_textblock'  itemprop=\"text\" ><p>20.000 ans d\u2019histoire de Sapiens entre Chauvet et Lascaux, des techniques et un savoir-faire identiques pour repr\u00e9senter un bestiaire tr\u00e8s proche o\u00f9 l\u2019humain est peu pr\u00e9sent ou sous une forme tr\u00e8s symbolique.<\/p>\n<p>20.000 ans c\u2019est plus que le temps \u00e9coul\u00e9 entre Lascaux et aujourd\u2019hui.<\/p>\n<p><img loading=\"lazy\" decoding=\"async\" class=\"aligncenter size-medium wp-image-607\" src=\"https:\/\/rene-b.fr\/wp-content\/uploads\/2022\/08\/evolution-300x150.gif\" alt=\"\" width=\"300\" height=\"150\" \/><\/p>\n<p><br class=\"avia-permanent-lb\" \/><br class=\"avia-permanent-lb\" \/>\u00ab\u00a0AO l\u2019homme ancien\u00a0\u00bb au fond des grottes \u00e9tait hant\u00e9 par l\u2019esprit de Neandertal disparu, et les premi\u00e8res repr\u00e9sentations d\u2019humains sont souvent des figures f\u00e9minines peintes ou en statuettes telles les Venus de Brassempouy (3.5 cm de haut\u00a0!) ou de Willendorf.<\/p>\n<p>L\u2019histoire de l\u2019art s\u2019est \u00e9crite sans les bestiaires rupestres enfouis au fond des grottes, jusqu\u2019\u00e0 aujourd\u2019hui o\u00f9 l\u2019artiste ira \u00ab\u00a0accrocher\u00a0\u00bb ses graffitis \u00e0 ceux d\u00e9j\u00e0 existants de nos lointains pr\u00e9d\u00e9cesseurs.<\/p>\n<p>Sous le pinceau de l\u2019artiste il y a pr\u00e8s de 40.000 ans, le Sorcier de Chauvet pr\u00e9figurait d\u00e9j\u00e0 les Minotaures de Picasso.<\/p>\n<p><em>L\u2019humain d\u2019aujourd\u2019hui a- t-il oubli\u00e9 l\u2019intelligence et la sagesse dans une nature qu\u2019il veut dominer ou doit-il v\u00e9ritablement devenir Sapiens ?<\/em><\/p>\n<\/div><\/section><\/p>\n<\/div><\/div>\n<style type=\"text\/css\" data-created_by=\"avia_inline_auto\" id=\"style-css-av-723ku-e10651d1c34f8a4f32361511f6dffb77\">\n.flex_cell.av-723ku-e10651d1c34f8a4f32361511f6dffb77{\nvertical-align:top;\n}\n<\/style>\n<div class='flex_cell av_one_fourth av-723ku-e10651d1c34f8a4f32361511f6dffb77 no_margin  avia-builder-el-12  el_after_av_cell_one_half  avia-builder-el-last ' ><div class='flex_cell_inner'><p>\n<style type=\"text\/css\" data-created_by=\"avia_inline_auto\" id=\"style-css-av-l6p5x9in-af8b71c581753169e8162cbf6c4ce2f1\">\n#top .av-special-heading.av-l6p5x9in-af8b71c581753169e8162cbf6c4ce2f1{\npadding-bottom:10px;\n}\nbody .av-special-heading.av-l6p5x9in-af8b71c581753169e8162cbf6c4ce2f1 .av-special-heading-tag .heading-char{\nfont-size:25px;\n}\n.av-special-heading.av-l6p5x9in-af8b71c581753169e8162cbf6c4ce2f1 .av-subheading{\nfont-size:15px;\n}\n<\/style>\n<div  class='av-special-heading av-l6p5x9in-af8b71c581753169e8162cbf6c4ce2f1 av-special-heading-h3 blockquote elegant-quote elegant-centered  avia-builder-el-13  el_before_av_textblock  avia-builder-el-first '><h3 class='av-special-heading-tag'  itemprop=\"headline\"  ><span class=\"heading-wrap\">Le Vol du Papillon<\/span><\/h3><div class='av-subheading av-subheading_below'><p>Inspirations Am\u00e9ricaines<\/p>\n<\/div><div class=\"special-heading-border\"><div class=\"special-heading-inner-border\"><\/div><\/div><\/div><br \/>\n<section  class='av_textblock_section av-l6p5xqum-8281ba49b47397e27cc36db5ac2e2cc8'  itemscope=\"itemscope\" itemtype=\"https:\/\/schema.org\/CreativeWork\" ><div class='avia_textblock'  itemprop=\"text\" ><p>Du Nord au Sud, le <strong><em>papillon Monarque<\/em><\/strong> migre en allers-retours au-dessus de l\u2019Am\u00e9rique du Nord.<\/p>\n<p><strong>Il survole ainsi des mondes \u00e0 part \u2026..<\/strong><\/p>\n<p>Celui des <strong>Amish<\/strong> en Pennsylvanie, celui des villages indiens Pueblos dans la r\u00e9gion de <strong>Mesa-Verd<\/strong>e.<\/p>\n<p style=\"text-align: center;\"><img loading=\"lazy\" decoding=\"async\" class=\"aligncenter size-medium wp-image-664\" src=\"https:\/\/rene-b.fr\/wp-content\/uploads\/2022\/08\/Ameriques-300x211.gif\" alt=\"\" width=\"300\" height=\"211\" srcset=\"https:\/\/rene-b.fr\/wp-content\/uploads\/2022\/08\/Ameriques-300x211.gif 300w, https:\/\/rene-b.fr\/wp-content\/uploads\/2022\/08\/Ameriques-768x541.gif 768w, https:\/\/rene-b.fr\/wp-content\/uploads\/2022\/08\/Ameriques-705x496.gif 705w\" sizes=\"auto, (max-width: 300px) 100vw, 300px\" \/><\/p>\n<p>Plus au Sud, il traversera le <strong>Monde Maya<\/strong> et ses inqui\u00e9tantes sculptures, avant de se poser dans les jardins surr\u00e9alistes de <strong>Las Pozas<\/strong>.<\/p>\n<p>De l\u00e0, il repartira pour une remont\u00e9e vers le Nord, laissant <strong><em>le plus grand papillon \u2013 le Morpho Bleu<\/em><\/strong> \u2013 occuper le territoire jusqu\u2019au Sud.<\/p>\n<p>En Colombie, celui-ci survolera un autre monde magique, celui du village <strong>Macondo<\/strong> et de<br \/>\n<strong>Gabriel Gracia Marquez<\/strong><\/p>\n<\/div><\/section><\/p>\n<\/div><\/div><\/div>\n","protected":false},"excerpt":{"rendered":"","protected":false},"author":1,"featured_media":0,"parent":0,"menu_order":0,"comment_status":"closed","ping_status":"closed","template":"","meta":{"footnotes":""},"class_list":["post-262","page","type-page","status-publish","hentry"],"_links":{"self":[{"href":"https:\/\/rene-b.fr\/index.php?rest_route=\/wp\/v2\/pages\/262","targetHints":{"allow":["GET"]}}],"collection":[{"href":"https:\/\/rene-b.fr\/index.php?rest_route=\/wp\/v2\/pages"}],"about":[{"href":"https:\/\/rene-b.fr\/index.php?rest_route=\/wp\/v2\/types\/page"}],"author":[{"embeddable":true,"href":"https:\/\/rene-b.fr\/index.php?rest_route=\/wp\/v2\/users\/1"}],"replies":[{"embeddable":true,"href":"https:\/\/rene-b.fr\/index.php?rest_route=%2Fwp%2Fv2%2Fcomments&post=262"}],"version-history":[{"count":25,"href":"https:\/\/rene-b.fr\/index.php?rest_route=\/wp\/v2\/pages\/262\/revisions"}],"predecessor-version":[{"id":760,"href":"https:\/\/rene-b.fr\/index.php?rest_route=\/wp\/v2\/pages\/262\/revisions\/760"}],"wp:attachment":[{"href":"https:\/\/rene-b.fr\/index.php?rest_route=%2Fwp%2Fv2%2Fmedia&parent=262"}],"curies":[{"name":"wp","href":"https:\/\/api.w.org\/{rel}","templated":true}]}}